{"id":4557,"date":"2022-02-10T17:46:59","date_gmt":"2022-02-10T16:46:59","guid":{"rendered":"http:\/\/new.alexanderkrichel.com\/media\/"},"modified":"2024-02-13T12:56:01","modified_gmt":"2024-02-13T11:56:01","slug":"media","status":"publish","type":"page","link":"https:\/\/www.alexanderkrichel.de\/en\/media\/","title":{"rendered":"media"},"content":{"rendered":"<div class=\"wpb-content-wrapper\"><p>[vc_row row_content_width=&#8221;grid&#8221;][vc_column]<div class=\"edge-tabs  edge-tabs-simple edge-tabs-dark\">\n\t<ul class=\"edge-tabs-nav clearfix\">\n\t\t\t\t\t<li>\n\t\t\t\t\t\t\t\t\t<a href=\"#tab-photos\">Photos<\/a>\n\t\t\t\t\t\t\t<\/li>\n\t\t\t\t\t<li>\n\t\t\t\t\t\t\t\t\t<a href=\"#tab-videos\">Videos<\/a>\n\t\t\t\t\t\t\t<\/li>\n\t\t\t\t\t<li>\n\t\t\t\t\t\t\t\t\t<a href=\"#tab-press\">Press<\/a>\n\t\t\t\t\t\t\t<\/li>\n\t\t\t<\/ul>\n\t<div class=\"edge-tab-container\" id=\"tab-photos-591\">[vc_row_inner css=&#8221;.vc_custom_1649147680357{margin-top: 55px !important;}&#8221;][vc_column_inner]<div class=\"edge-image-gallery  edge-ig-masonry-type edge-large-space  edge-image-behavior-custom-link\">\n\t<div class=\"edge-ig-inner edge-outer-space edge-ig-masonry edge-ig-three-columns\">\n\t\t<div class=\"edge-ig-grid-sizer\"><\/div>\n\t\t<div class=\"edge-ig-grid-gutter\"><\/div>\n\t\t\t\t\t\t\t\t<div class=\"edge-ig-image edge-item-space \">\n\t\t\t\t<div class=\"edge-ig-image-inner\">\n\t\t\t\t\t\t\t\t\t\t\t<a itemprop=\"url\" class=\"edge-ig-custom-link\" href=\"https:\/\/www.alexanderkrichel.de\/wp-content\/uploads\/Alexander_Krichel_My_Rachmaninoff_Coverfoto_cRaimar_von_Wienskowski_kl.jpg\" target=\"_blank\" title=\"Alexander_Krichel_My_Rachmaninoff_Coverfoto_cRaimar_von_Wienskowski_kl\">\n\t\t\t\t\t\t\t\t\t\t\t<img loading=\"lazy\" decoding=\"async\" width=\"1024\" height=\"976\" src=\"https:\/\/www.alexanderkrichel.de\/wp-content\/uploads\/Alexander_Krichel_My_Rachmaninoff_Coverfoto_cRaimar_von_Wienskowski_kl-1024x976.jpg\" class=\"attachment-large size-large\" alt=\"\" srcset=\"https:\/\/www.alexanderkrichel.de\/wp-content\/uploads\/Alexander_Krichel_My_Rachmaninoff_Coverfoto_cRaimar_von_Wienskowski_kl-1024x976.jpg 1024w, https:\/\/www.alexanderkrichel.de\/wp-content\/uploads\/Alexander_Krichel_My_Rachmaninoff_Coverfoto_cRaimar_von_Wienskowski_kl-300x286.jpg 300w, https:\/\/www.alexanderkrichel.de\/wp-content\/uploads\/Alexander_Krichel_My_Rachmaninoff_Coverfoto_cRaimar_von_Wienskowski_kl-768x732.jpg 768w, https:\/\/www.alexanderkrichel.de\/wp-content\/uploads\/Alexander_Krichel_My_Rachmaninoff_Coverfoto_cRaimar_von_Wienskowski_kl.jpg 1483w\" sizes=\"auto, (max-width: 1024px) 100vw, 1024px\" \/>\t\t\t\t\t\t\t\t\t\t\t<\/a>\n\t\t\t\t\t\t\t\t\t<\/div>\n\t\t\t<\/div>\n\t\t\t\t\t\t\t\t<div class=\"edge-ig-image edge-item-space \">\n\t\t\t\t<div class=\"edge-ig-image-inner\">\n\t\t\t\t\t\t\t\t\t\t\t<a itemprop=\"url\" class=\"edge-ig-custom-link\" href=\"https:\/\/www.alexanderkrichel.de\/wp-content\/uploads\/Krichel-9-\u00a9-Jan-Prengel.jpg\" target=\"_blank\" title=\"Krichel-9 \u00a9 Jan Prengel\">\n\t\t\t\t\t\t\t\t\t\t\t<img loading=\"lazy\" decoding=\"async\" width=\"683\" height=\"1024\" src=\"https:\/\/www.alexanderkrichel.de\/wp-content\/uploads\/Krichel-9-\u00a9-Jan-Prengel-683x1024.jpg\" class=\"attachment-large size-large\" alt=\"\" srcset=\"https:\/\/www.alexanderkrichel.de\/wp-content\/uploads\/Krichel-9-\u00a9-Jan-Prengel-683x1024.jpg 683w, https:\/\/www.alexanderkrichel.de\/wp-content\/uploads\/Krichel-9-\u00a9-Jan-Prengel-200x300.jpg 200w, https:\/\/www.alexanderkrichel.de\/wp-content\/uploads\/Krichel-9-\u00a9-Jan-Prengel-768x1152.jpg 768w, https:\/\/www.alexanderkrichel.de\/wp-content\/uploads\/Krichel-9-\u00a9-Jan-Prengel-1024x1536.jpg 1024w, https:\/\/www.alexanderkrichel.de\/wp-content\/uploads\/Krichel-9-\u00a9-Jan-Prengel-1365x2048.jpg 1365w\" sizes=\"auto, (max-width: 683px) 100vw, 683px\" \/>\t\t\t\t\t\t\t\t\t\t\t<\/a>\n\t\t\t\t\t\t\t\t\t<\/div>\n\t\t\t<\/div>\n\t\t\t\t\t\t\t\t<div class=\"edge-ig-image edge-item-space \">\n\t\t\t\t<div class=\"edge-ig-image-inner\">\n\t\t\t\t\t\t\t\t\t\t\t<a itemprop=\"url\" class=\"edge-ig-custom-link\" href=\"https:\/\/www.alexanderkrichel.de\/wp-content\/uploads\/AlexanderKrichel_08.jpg\" target=\"_blank\" title=\"AlexanderKrichel_08\">\n\t\t\t\t\t\t\t\t\t\t\t<img loading=\"lazy\" decoding=\"async\" width=\"683\" height=\"1024\" src=\"https:\/\/www.alexanderkrichel.de\/wp-content\/uploads\/AlexanderKrichel_08-683x1024.jpg\" class=\"attachment-large size-large\" alt=\"\" srcset=\"https:\/\/www.alexanderkrichel.de\/wp-content\/uploads\/AlexanderKrichel_08-683x1024.jpg 683w, https:\/\/www.alexanderkrichel.de\/wp-content\/uploads\/AlexanderKrichel_08-200x300.jpg 200w, https:\/\/www.alexanderkrichel.de\/wp-content\/uploads\/AlexanderKrichel_08-768x1152.jpg 768w, https:\/\/www.alexanderkrichel.de\/wp-content\/uploads\/AlexanderKrichel_08-1024x1536.jpg 1024w, https:\/\/www.alexanderkrichel.de\/wp-content\/uploads\/AlexanderKrichel_08-1365x2048.jpg 1365w\" sizes=\"auto, (max-width: 683px) 100vw, 683px\" \/>\t\t\t\t\t\t\t\t\t\t\t<\/a>\n\t\t\t\t\t\t\t\t\t<\/div>\n\t\t\t<\/div>\n\t\t\t\t\t\t\t\t<div class=\"edge-ig-image edge-item-space \">\n\t\t\t\t<div class=\"edge-ig-image-inner\">\n\t\t\t\t\t\t\t\t\t\t\t<a itemprop=\"url\" class=\"edge-ig-custom-link\" href=\"https:\/\/www.alexanderkrichel.de\/wp-content\/uploads\/Alexander-Kichel-small-credit-Raimar-von-Wienskowski-1.jpg\" target=\"_blank\" title=\"Alexander Kichel, small, credit Raimar von Wienskowski-1\">\n\t\t\t\t\t\t\t\t\t\t\t<img loading=\"lazy\" decoding=\"async\" width=\"731\" height=\"1024\" src=\"https:\/\/www.alexanderkrichel.de\/wp-content\/uploads\/Alexander-Kichel-small-credit-Raimar-von-Wienskowski-1-731x1024.jpg\" class=\"attachment-large size-large\" alt=\"\" srcset=\"https:\/\/www.alexanderkrichel.de\/wp-content\/uploads\/Alexander-Kichel-small-credit-Raimar-von-Wienskowski-1-731x1024.jpg 731w, https:\/\/www.alexanderkrichel.de\/wp-content\/uploads\/Alexander-Kichel-small-credit-Raimar-von-Wienskowski-1-214x300.jpg 214w, https:\/\/www.alexanderkrichel.de\/wp-content\/uploads\/Alexander-Kichel-small-credit-Raimar-von-Wienskowski-1-768x1075.jpg 768w, https:\/\/www.alexanderkrichel.de\/wp-content\/uploads\/Alexander-Kichel-small-credit-Raimar-von-Wienskowski-1-1097x1536.jpg 1097w, https:\/\/www.alexanderkrichel.de\/wp-content\/uploads\/Alexander-Kichel-small-credit-Raimar-von-Wienskowski-1-1463x2048.jpg 1463w\" sizes=\"auto, (max-width: 731px) 100vw, 731px\" \/>\t\t\t\t\t\t\t\t\t\t\t<\/a>\n\t\t\t\t\t\t\t\t\t<\/div>\n\t\t\t<\/div>\n\t\t\t\t\t\t\t\t<div class=\"edge-ig-image edge-item-space \">\n\t\t\t\t<div class=\"edge-ig-image-inner\">\n\t\t\t\t\t\t\t\t\t\t\t<a itemprop=\"url\" class=\"edge-ig-custom-link\" href=\"https:\/\/www.alexanderkrichel.de\/wp-content\/uploads\/Alexander-Kichel-small-credit-Raimar-von-Wienskowski-7.jpg\" target=\"_blank\" title=\"Alexander Kichel, small, credit Raimar von Wienskowski-7\">\n\t\t\t\t\t\t\t\t\t\t\t<img loading=\"lazy\" decoding=\"async\" width=\"731\" height=\"1024\" src=\"https:\/\/www.alexanderkrichel.de\/wp-content\/uploads\/Alexander-Kichel-small-credit-Raimar-von-Wienskowski-7-731x1024.jpg\" class=\"attachment-large size-large\" alt=\"\" srcset=\"https:\/\/www.alexanderkrichel.de\/wp-content\/uploads\/Alexander-Kichel-small-credit-Raimar-von-Wienskowski-7-731x1024.jpg 731w, https:\/\/www.alexanderkrichel.de\/wp-content\/uploads\/Alexander-Kichel-small-credit-Raimar-von-Wienskowski-7-214x300.jpg 214w, https:\/\/www.alexanderkrichel.de\/wp-content\/uploads\/Alexander-Kichel-small-credit-Raimar-von-Wienskowski-7-768x1075.jpg 768w, https:\/\/www.alexanderkrichel.de\/wp-content\/uploads\/Alexander-Kichel-small-credit-Raimar-von-Wienskowski-7-1097x1536.jpg 1097w, https:\/\/www.alexanderkrichel.de\/wp-content\/uploads\/Alexander-Kichel-small-credit-Raimar-von-Wienskowski-7-1463x2048.jpg 1463w\" sizes=\"auto, (max-width: 731px) 100vw, 731px\" \/>\t\t\t\t\t\t\t\t\t\t\t<\/a>\n\t\t\t\t\t\t\t\t\t<\/div>\n\t\t\t<\/div>\n\t\t\t\t\t\t\t\t<div class=\"edge-ig-image edge-item-space \">\n\t\t\t\t<div class=\"edge-ig-image-inner\">\n\t\t\t\t\t\t\t\t\t\t\t<a itemprop=\"url\" class=\"edge-ig-custom-link\" href=\"https:\/\/www.alexanderkrichel.de\/wp-content\/uploads\/Alexander-Krichel_02-\u00a9-Nikolaj-Lund.jpg\" target=\"_blank\" title=\"Alexander Krichel_02 \u00a9 Nikolaj Lund\">\n\t\t\t\t\t\t\t\t\t\t\t<img loading=\"lazy\" decoding=\"async\" width=\"683\" height=\"1024\" src=\"https:\/\/www.alexanderkrichel.de\/wp-content\/uploads\/Alexander-Krichel_02-\u00a9-Nikolaj-Lund-683x1024.jpg\" class=\"attachment-large size-large\" alt=\"\" srcset=\"https:\/\/www.alexanderkrichel.de\/wp-content\/uploads\/Alexander-Krichel_02-\u00a9-Nikolaj-Lund-683x1024.jpg 683w, https:\/\/www.alexanderkrichel.de\/wp-content\/uploads\/Alexander-Krichel_02-\u00a9-Nikolaj-Lund-200x300.jpg 200w, https:\/\/www.alexanderkrichel.de\/wp-content\/uploads\/Alexander-Krichel_02-\u00a9-Nikolaj-Lund-768x1151.jpg 768w, https:\/\/www.alexanderkrichel.de\/wp-content\/uploads\/Alexander-Krichel_02-\u00a9-Nikolaj-Lund-1025x1536.jpg 1025w, https:\/\/www.alexanderkrichel.de\/wp-content\/uploads\/Alexander-Krichel_02-\u00a9-Nikolaj-Lund-1366x2048.jpg 1366w\" sizes=\"auto, (max-width: 683px) 100vw, 683px\" \/>\t\t\t\t\t\t\t\t\t\t\t<\/a>\n\t\t\t\t\t\t\t\t\t<\/div>\n\t\t\t<\/div>\n\t\t\t\t\t\t\t\t<div class=\"edge-ig-image edge-item-space \">\n\t\t\t\t<div class=\"edge-ig-image-inner\">\n\t\t\t\t\t\t\t\t\t\t\t<a itemprop=\"url\" class=\"edge-ig-custom-link\" href=\"https:\/\/www.alexanderkrichel.de\/wp-content\/uploads\/Krichel-4-%C2%A9-Jan-Prengel.jpg\" target=\"_blank\" title=\"Krichel-4 \u00a9 Jan Prengel\">\n\t\t\t\t\t\t\t\t\t\t\t<img loading=\"lazy\" decoding=\"async\" width=\"1024\" height=\"683\" src=\"https:\/\/www.alexanderkrichel.de\/wp-content\/uploads\/Krichel-4-\u00a9-Jan-Prengel-1024x683.jpg\" class=\"attachment-large size-large\" alt=\"\" srcset=\"https:\/\/www.alexanderkrichel.de\/wp-content\/uploads\/Krichel-4-\u00a9-Jan-Prengel-1024x683.jpg 1024w, https:\/\/www.alexanderkrichel.de\/wp-content\/uploads\/Krichel-4-\u00a9-Jan-Prengel-300x200.jpg 300w, https:\/\/www.alexanderkrichel.de\/wp-content\/uploads\/Krichel-4-\u00a9-Jan-Prengel-768x512.jpg 768w, https:\/\/www.alexanderkrichel.de\/wp-content\/uploads\/Krichel-4-\u00a9-Jan-Prengel-1536x1024.jpg 1536w\" sizes=\"auto, (max-width: 1024px) 100vw, 1024px\" \/>\t\t\t\t\t\t\t\t\t\t\t<\/a>\n\t\t\t\t\t\t\t\t\t<\/div>\n\t\t\t<\/div>\n\t\t\t\t\t\t\t\t<div class=\"edge-ig-image edge-item-space \">\n\t\t\t\t<div class=\"edge-ig-image-inner\">\n\t\t\t\t\t\t\t\t\t\t\t<a itemprop=\"url\" class=\"edge-ig-custom-link\" href=\"https:\/\/www.alexanderkrichel.de\/wp-content\/uploads\/Alexander-Krichel_04-\u00a9-Nikolaj-Lund.jpg\" target=\"_blank\" title=\"Alexander Krichel_04 \u00a9 Nikolaj Lund\">\n\t\t\t\t\t\t\t\t\t\t\t<img loading=\"lazy\" decoding=\"async\" width=\"1024\" height=\"682\" src=\"https:\/\/www.alexanderkrichel.de\/wp-content\/uploads\/Alexander-Krichel_04-\u00a9-Nikolaj-Lund-1024x682.jpg\" class=\"attachment-large size-large\" alt=\"\" srcset=\"https:\/\/www.alexanderkrichel.de\/wp-content\/uploads\/Alexander-Krichel_04-\u00a9-Nikolaj-Lund-1024x682.jpg 1024w, https:\/\/www.alexanderkrichel.de\/wp-content\/uploads\/Alexander-Krichel_04-\u00a9-Nikolaj-Lund-300x200.jpg 300w, https:\/\/www.alexanderkrichel.de\/wp-content\/uploads\/Alexander-Krichel_04-\u00a9-Nikolaj-Lund-768x512.jpg 768w, https:\/\/www.alexanderkrichel.de\/wp-content\/uploads\/Alexander-Krichel_04-\u00a9-Nikolaj-Lund-1536x1024.jpg 1536w\" sizes=\"auto, (max-width: 1024px) 100vw, 1024px\" \/>\t\t\t\t\t\t\t\t\t\t\t<\/a>\n\t\t\t\t\t\t\t\t\t<\/div>\n\t\t\t<\/div>\n\t\t\t\t\t\t\t\t<div class=\"edge-ig-image edge-item-space \">\n\t\t\t\t<div class=\"edge-ig-image-inner\">\n\t\t\t\t\t\t\t\t\t\t\t<a itemprop=\"url\" class=\"edge-ig-custom-link\" href=\"https:\/\/www.alexanderkrichel.de\/wp-content\/uploads\/Alexander-Krichel_08_c_Erik_Wieder-scaled.jpg\" target=\"_blank\" title=\"Alexander Krichel_08_c_Erik_Wieder\">\n\t\t\t\t\t\t\t\t\t\t\t<img loading=\"lazy\" decoding=\"async\" width=\"1024\" height=\"681\" src=\"https:\/\/www.alexanderkrichel.de\/wp-content\/uploads\/Alexander-Krichel_08_c_Erik_Wieder-1024x681.jpg\" class=\"attachment-large size-large\" alt=\"\" srcset=\"https:\/\/www.alexanderkrichel.de\/wp-content\/uploads\/Alexander-Krichel_08_c_Erik_Wieder-1024x681.jpg 1024w, https:\/\/www.alexanderkrichel.de\/wp-content\/uploads\/Alexander-Krichel_08_c_Erik_Wieder-300x200.jpg 300w, https:\/\/www.alexanderkrichel.de\/wp-content\/uploads\/Alexander-Krichel_08_c_Erik_Wieder-768x511.jpg 768w, https:\/\/www.alexanderkrichel.de\/wp-content\/uploads\/Alexander-Krichel_08_c_Erik_Wieder-1536x1022.jpg 1536w\" sizes=\"auto, (max-width: 1024px) 100vw, 1024px\" \/>\t\t\t\t\t\t\t\t\t\t\t<\/a>\n\t\t\t\t\t\t\t\t\t<\/div>\n\t\t\t<\/div>\n\t\t\t\t\t\t\t\t<div class=\"edge-ig-image edge-item-space \">\n\t\t\t\t<div class=\"edge-ig-image-inner\">\n\t\t\t\t\t\t\t\t\t\t\t<a itemprop=\"url\" class=\"edge-ig-custom-link\" href=\"\" target=\"_blank\" title=\"Alexander Krichel, credit Raimar von Wienskowski\">\n\t\t\t\t\t\t\t\t\t\t\t<img loading=\"lazy\" decoding=\"async\" width=\"1024\" height=\"731\" src=\"https:\/\/www.alexanderkrichel.de\/wp-content\/uploads\/Alexander-Krichel-credit-Raimar-von-Wienskowski-1-1024x731.jpg\" class=\"attachment-large size-large\" alt=\"\" srcset=\"https:\/\/www.alexanderkrichel.de\/wp-content\/uploads\/Alexander-Krichel-credit-Raimar-von-Wienskowski-1-1024x731.jpg 1024w, https:\/\/www.alexanderkrichel.de\/wp-content\/uploads\/Alexander-Krichel-credit-Raimar-von-Wienskowski-1-300x214.jpg 300w, https:\/\/www.alexanderkrichel.de\/wp-content\/uploads\/Alexander-Krichel-credit-Raimar-von-Wienskowski-1-768x549.jpg 768w, https:\/\/www.alexanderkrichel.de\/wp-content\/uploads\/Alexander-Krichel-credit-Raimar-von-Wienskowski-1-1536x1097.jpg 1536w\" sizes=\"auto, (max-width: 1024px) 100vw, 1024px\" \/>\t\t\t\t\t\t\t\t\t\t\t<\/a>\n\t\t\t\t\t\t\t\t\t<\/div>\n\t\t\t<\/div>\n\t\t\t<\/div>\n<\/div>[\/vc_column_inner][\/vc_row_inner]<\/div><div class=\"edge-tab-container\" id=\"tab-videos-701\">[vc_row_inner gap=&#8221;20&#8243;][vc_column_inner el_class=&#8221;phone&#8221; width=&#8221;1\/3&#8243;][vc_video link=&#8221;https:\/\/youtu.be\/ZABVzfMzmfc&#8221; title=&#8221;Sergei Rachmaninoff &#8211; 14 Romances, Op. 34: No. 14, Vocalise (arr. von Zolt\u00e1n Kocsis)&#8221;][vc_video link=&#8221;https:\/\/www.youtube.com\/watch?v=xNglgiipf9M&#8221; title=&#8221;A. Krichel plays Enescu &amp; Mussorgsky&#8221;][vc_video link=&#8221;https:\/\/www.youtube.com\/watch?v=ti5-_n4fMlA&#8221; title=&#8221;Ludwig van Beethoven: Tempest Piano Sonata, 3rd movement at Classical Drive-In Concert&#8221;][vc_video link=&#8221;https:\/\/www.youtube.com\/watch?v=ftcKFpXWpy4&#8243; title=&#8221;CRESCENDO trifft: Pianist Alexander Krichel&#8221;][\/vc_column_inner][vc_column_inner el_class=&#8221;phone&#8221; width=&#8221;1\/3&#8243;][vc_video link=&#8221;https:\/\/www.youtube.com\/watch?v=lOVcCTnLQ9Y&#8221; title=&#8221;Sergei Rachmaninoff: \u00c9tude-Tableau, Op. 39 No. 6 in A Minor. Allegro&#8221;][vc_video link=&#8221;https:\/\/www.youtube.com\/watch?v=ND4YcxED5YU&amp;t=866s&#8221; title=&#8221;Robert Schumann: Kreisleriana Op. 16&#8243;][vc_video link=&#8221;https:\/\/www.youtube.com\/watch?v=KG52YPIexM8&#8243; title=&#8221;Franz Liszt: Tarantella from \u201eVenezia e Napoli\u201c at Classical Drive-In Concert&#8221;][\/vc_column_inner][vc_column_inner el_class=&#8221;phone&#8221; width=&#8221;1\/3&#8243;][vc_video link=&#8221;https:\/\/www.youtube.com\/watch?v=YD0fNxxP2JI&#8221; title=&#8221;Sergei Rachmaninoff &#8211; Pr\u00e9lude C-Sharp Minor&#8221;][vc_video link=&#8221;https:\/\/www.youtube.com\/watch?v=b5k5qf4T7cg&#8221; title=&#8221;Ravel: Alborada del Gracioso from \u201eMiroirs\u201c&#8221;][vc_video link=&#8221;https:\/\/www.youtube.com\/watch?v=_9W6jkC29fk&#8221; title=&#8221;Sergei Rachmaninoff: Piano Concerto No. 2 in C Minor&#8221;][\/vc_column_inner][\/vc_row_inner]<\/div><div class=\"edge-tab-container\" id=\"tab-press-76\">[vc_row_inner gap=&#8221;20&#8243; css=&#8221;.vc_custom_1652104811549{margin-top: 50px !important;}&#8221; el_class=&#8221;phone&#8221;][vc_column_inner width=&#8221;1\/3&#8243;][vc_column_text]&#8221;Krichel has an unmistakable sense of piano timbre. That is not something that all great pianist possess. But the really great ones, they do.&#8221;<\/p>\n<p><b>S\u00fcddeutsche Zeitung<\/b>[\/vc_column_text][\/vc_column_inner][vc_column_inner width=&#8221;1\/3&#8243;][vc_column_text]&#8221;A true performer who is can combine intimate caution with daredevil access.&#8221;.&#8221;<\/p>\n<p><b><i>Spiegel Online<\/i><\/b>[\/vc_column_text][\/vc_column_inner][vc_column_inner width=&#8221;1\/3&#8243;][vc_column_text]\u201eKrichel&#8217;s sophisticated playing is highly expressive and emotional. His warm piano sound is clear and full of poetry and artistry.\u201c<\/p>\n<p><b><i>Xinmin Evening News<\/i><\/b><i> about his recital in Shanghai, China<\/i>[\/vc_column_text][\/vc_column_inner][\/vc_row_inner][vc_row_inner gap=&#8221;20&#8243; css=&#8221;.vc_custom_1652104818179{margin-top: 50px !important;}&#8221; el_class=&#8221;phone&#8221;][vc_column_inner width=&#8221;1\/3&#8243;][vc_column_text]&#8221;Alexander Krichel is probably one of the most sophisticated pianists at the moment. His Beethoven sonatas are designed as if under a microscope, as if each of his fingers had its own musical brain. Tempo and dynamics turn the piano sonatas into real psycho thrillers. [&#8230;] Typical of Krichel: he combines intellect and feeling, head and heart.&#8221;<\/p>\n<p><b><i>NDR Kultur<\/i><\/b><i> about his recital at Elbphilharmonie Hamburg<\/i>[\/vc_column_text][\/vc_column_inner][vc_column_inner width=&#8221;1\/3&#8243;][vc_column_text]&#8221;The way Alexander Krichel made this century concerto sound with apparently unlimited technical possibilities, thunderous outbursts and delicately luminous cantilenas was simply overwhelming. Here one felt something of the tremendous power of a man possessed, whose inner fire is controlled and directed by a clear consciousness on the other side.&#8221;<\/p>\n<p><b><i>WAZ<\/i><\/b><i> about the Beethoven\u2018s 5th Piano Concerto <\/i>[\/vc_column_text][\/vc_column_inner][vc_column_inner width=&#8221;1\/3&#8243;][vc_column_text]&#8221;Here Krichel proves to be a genuine romantic who knows Schumann&#8217;s immensely dazzling musical idiom like his own mother tongue, so to speak, and is even able to easily read between the lines. His sensitively fragile, but at the same time youthful intonation as well as a profound knowledge of Schumann&#8217;s world of sounds and timbres make this interpretation an event.&#8221;<\/p>\n<p><b><i>Musik &amp; Theater<\/i><\/b><i>, Switzerland, about the album \u201cAn die ferne Geliebte\u201d<\/i>[\/vc_column_text][\/vc_column_inner][\/vc_row_inner][vc_row_inner gap=&#8221;20&#8243; css=&#8221;.vc_custom_1652104818179{margin-top: 50px !important;}&#8221; el_class=&#8221;phone&#8221;][vc_column_inner width=&#8221;1\/3&#8243;][vc_column_text]&#8221;Alexander Krichel is probably one of the most sophisticated pianists at the moment. His Beethoven sonatas are designed as if under a microscope, as if each of his fingers had its own musical brain. Tempo and dynamics turn the piano sonatas into real psycho thrillers. [&#8230;] Typical of Krichel: he combines intellect and feeling, head and heart.&#8221;<\/p>\n<p><b><i>NDR Kultur<\/i><\/b><i> about his recital at Elbphilharmonie Hamburg<\/i>[\/vc_column_text][\/vc_column_inner][vc_column_inner width=&#8221;1\/3&#8243;][vc_column_text]&#8221;The way Alexander Krichel made this century concerto sound with apparently unlimited technical possibilities, thunderous outbursts and delicately luminous cantilenas was simply overwhelming. Here one felt something of the tremendous power of a man possessed, whose inner fire is controlled and directed by a clear consciousness on the other side.&#8221;<\/p>\n<p><b><i>WAZ<\/i><\/b><i> about the Beethoven\u2018s 5th Piano Concerto <\/i>[\/vc_column_text][\/vc_column_inner][vc_column_inner width=&#8221;1\/3&#8243;][vc_column_text]&#8221;Krichel (\u2026) belongs to the few Germans who approach Rachmaninoff with seriousness and real understanding. He emphasizes, especially in the Corelli Variations, the sharpness of articulation, the strict tempo relations between individual pieces, and the uncompromising nature of the tempo. One understands, through Krichel&#8217;s recording with its often dry and pedal-less play, why B\u00e9la Bart\u00f3k and Witold Lutos\u0142awski were so impressed by the sharp-edged, slender, yet complex piano writing of the late Rachmaninoff. (\u2026) In the \u00c9tude-Tableau in D minor Op. 39 No. 8 he finds a deeply personal, singing, reflective tone that touches and captivates the listener. In these moments, wisdom and courage come together.&#8221;<\/p>\n<p><b><i>F.A.Z.<\/i><\/b><i>, about the album \u201cMy Rachmaninoff\u201d<\/i>[\/vc_column_text][\/vc_column_inner][\/vc_row_inner][vc_row_inner gap=&#8221;20&#8243; css=&#8221;.vc_custom_1652104825734{margin-top: 50px !important;}&#8221; el_class=&#8221;phone&#8221;][vc_column_inner width=&#8221;1\/3&#8243;][vc_column_text]\u201cThe German pianist Alexander Krichel\u2019s fourth album for Sony offers Ravel performances that are fit to stand alongside those of Osborne, Pogorelich and Argerich. The <i>Tombeau <\/i>is superbly played, the ornamented musical surface of the opening \u2018Pre\u0301lude\u2019 nicely pointing towards Couperin. <i>Miroirs <\/i>underscores Krichel\u2019s natural intelligence: \u2018Noctuelles\u2019 is brilliantly delineated, as are the layers of sound in \u2018Une barque sur l\u2019oce\u0301an\u2019. <i>Gaspard <\/i>is extremely impressive, the clarity Krichel brought to <i>Tombeau <\/i>once more in evidence in a very different world. \u2018Scarbo\u2019 is much more than virtuoso \u2013 it is a nightmare vision in sound.\u201c<br \/>\n<b><i>International Piano Magazine <\/i><\/b><i>about the album \u201eMiroirs\u201c<\/i>[\/vc_column_text][\/vc_column_inner][vc_column_inner width=&#8221;1\/3&#8243;][\/vc_column_inner][vc_column_inner width=&#8221;1\/3&#8243;][\/vc_column_inner][\/vc_row_inner]<\/div><\/div>[\/vc_column][\/vc_row]<\/p>\n<\/div>","protected":false},"excerpt":{"rendered":"<p>[vc_row row_content_width=&#8221;grid&#8221;][vc_column][\/vc_column][\/vc_row]<\/p>\n","protected":false},"author":3,"featured_media":0,"parent":0,"menu_order":5,"comment_status":"closed","ping_status":"closed","template":"full-width.php","meta":{"footnotes":""},"class_list":["post-4557","page","type-page","status-publish","hentry"],"aioseo_notices":[],"_links":{"self":[{"href":"https:\/\/www.alexanderkrichel.de\/en\/wp-json\/wp\/v2\/pages\/4557","targetHints":{"allow":["GET"]}}],"collection":[{"href":"https:\/\/www.alexanderkrichel.de\/en\/wp-json\/wp\/v2\/pages"}],"about":[{"href":"https:\/\/www.alexanderkrichel.de\/en\/wp-json\/wp\/v2\/types\/page"}],"author":[{"embeddable":true,"href":"https:\/\/www.alexanderkrichel.de\/en\/wp-json\/wp\/v2\/users\/3"}],"replies":[{"embeddable":true,"href":"https:\/\/www.alexanderkrichel.de\/en\/wp-json\/wp\/v2\/comments?post=4557"}],"version-history":[{"count":0,"href":"https:\/\/www.alexanderkrichel.de\/en\/wp-json\/wp\/v2\/pages\/4557\/revisions"}],"wp:attachment":[{"href":"https:\/\/www.alexanderkrichel.de\/en\/wp-json\/wp\/v2\/media?parent=4557"}],"curies":[{"name":"wp","href":"https:\/\/api.w.org\/{rel}","templated":true}]}}